{"id":496,"date":"2022-06-03T16:09:46","date_gmt":"2022-06-03T16:09:46","guid":{"rendered":"https:\/\/eptma.eu\/?page_id=496"},"modified":"2025-05-28T01:40:32","modified_gmt":"2025-05-28T01:40:32","slug":"beszamolok","status":"publish","type":"page","link":"https:\/\/eptma.eu\/en\/beszamolok\/","title":{"rendered":"Reports"},"content":{"rendered":"<h4 class=\"lcp_post\"><a href=\"https:\/\/eptma.eu\/az-europai-prevencios-es-terapias-medicina-alapitvany-2024-evi-kozhasznusagi-jelentese\/\" target=\"_blank\" rel=\"noopener\">Az Eur\u00f3pai Prevenci\u00f3s \u00e9s Ter\u00e1pi\u00e1s Medicina Alap\u00edtv\u00e1ny 2024. \u00e9vi <strong>egyszer\u0171s\u00edtett besz\u00e1mol\u00f3ja \u00e9s<\/strong> k\u00f6zhaszn\u00fas\u00e1gi jelent\u00e9se<\/a><\/h4>\n<h4 class=\"lcp_post\"><a href=\"https:\/\/eptma.eu\/az-europai-prevencios-es-terapias-medicina-alapitvany-2023-evi-kozhasznusagi-jelentese\/\" target=\"_blank\" rel=\"noopener\">Az Eur\u00f3pai Prevenci\u00f3s \u00e9s Ter\u00e1pi\u00e1s Medicina Alap\u00edtv\u00e1ny 2023. \u00e9vi <strong>egyszer\u0171s\u00edtett besz\u00e1mol\u00f3ja \u00e9s<\/strong> k\u00f6zhaszn\u00fas\u00e1gi jelent\u00e9se<\/a><\/h4>\n<h4 class=\"lcp_post\"><a href=\"https:\/\/eptma.eu\/az-europai-prevencios-es-terapias-medicina-alapitvany-2022-evi-kozhasznusagi-jelentese\/\" target=\"_blank\" rel=\"noopener\">Az Eur\u00f3pai Prevenci\u00f3s \u00e9s Ter\u00e1pi\u00e1s Medicina Alap\u00edtv\u00e1ny 2022. \u00e9vi <strong>egyszer\u0171s\u00edtett besz\u00e1mol\u00f3ja \u00e9s<\/strong> k\u00f6zhaszn\u00fas\u00e1gi jelent\u00e9se<\/a><\/h4>\n<h4 class=\"lcp_post\"><a href=\"https:\/\/eptma.eu\/wp-content\/uploads\/2022\/06\/Europai_Prevencios_es_Terapias_Medicina_Alapitvany_beszamolo-es-kozhasznusagi-jelentes-2021.pdf\" target=\"_blank\" rel=\"noopener\">Az Eur\u00f3pai Prevenci\u00f3s \u00e9s Ter\u00e1pi\u00e1s Medicina Alap\u00edtv\u00e1ny 2021. \u00e9vi <strong>egyszer\u0171s\u00edtett besz\u00e1mol\u00f3ja \u00e9s<\/strong> k\u00f6zhaszn\u00fas\u00e1gi jelent\u00e9se<\/a><\/h4>","protected":false},"excerpt":{"rendered":"<p>Az Eur\u00f3pai Prevenci\u00f3s \u00e9s Ter\u00e1pi\u00e1s Medicina Alap\u00edtv\u00e1ny 2024. \u00e9vi egyszer\u0171s\u00edtett besz\u00e1mol\u00f3ja \u00e9s k\u00f6zhaszn\u00fas\u00e1gi jelent\u00e9se Az Eur\u00f3pai Prevenci\u00f3s \u00e9s Ter\u00e1pi\u00e1s Medicina Alap\u00edtv\u00e1ny 2023. \u00e9vi egyszer\u0171s\u00edtett besz\u00e1mol\u00f3ja \u00e9s k\u00f6zhaszn\u00fas\u00e1gi jelent\u00e9se Az Eur\u00f3pai &#8230;<\/p>","protected":false},"author":1,"featured_media":0,"parent":0,"menu_order":0,"comment_status":"closed","ping_status":"closed","template":"","meta":{"footnotes":"","_links_to":"","_links_to_target":""},"class_list":["post-496","page","type-page","status-publish","hentry"],"_links":{"self":[{"href":"https:\/\/eptma.eu\/en\/wp-json\/wp\/v2\/pages\/496","targetHints":{"allow":["GET"]}}],"collection":[{"href":"https:\/\/eptma.eu\/en\/wp-json\/wp\/v2\/pages"}],"about":[{"href":"https:\/\/eptma.eu\/en\/wp-json\/wp\/v2\/types\/page"}],"author":[{"embeddable":true,"href":"https:\/\/eptma.eu\/en\/wp-json\/wp\/v2\/users\/1"}],"replies":[{"embeddable":true,"href":"https:\/\/eptma.eu\/en\/wp-json\/wp\/v2\/comments?post=496"}],"version-history":[{"count":7,"href":"https:\/\/eptma.eu\/en\/wp-json\/wp\/v2\/pages\/496\/revisions"}],"predecessor-version":[{"id":4970,"href":"https:\/\/eptma.eu\/en\/wp-json\/wp\/v2\/pages\/496\/revisions\/4970"}],"wp:attachment":[{"href":"https:\/\/eptma.eu\/en\/wp-json\/wp\/v2\/media?parent=496"}],"curies":[{"name":"wp","href":"https:\/\/api.w.org\/{rel}","templated":true}]}}