{"id":4953,"date":"2025-03-25T16:40:36","date_gmt":"2025-03-25T16:40:36","guid":{"rendered":"https:\/\/eptma.eu\/?page_id=4953"},"modified":"2025-03-25T16:42:25","modified_gmt":"2025-03-25T16:42:25","slug":"2024-2","status":"publish","type":"page","link":"https:\/\/eptma.eu\/en\/hatarozatok\/2024-2\/","title":{"rendered":"2024"},"content":{"rendered":"<a href=\"https:\/\/eptma.eu\/wp-content\/uploads\/2025\/03\/meghivo_kuratoriumi-ules-2024.pdf\" class=\"pdfemb-viewer\" style=\"\" data-width=\"max\" data-height=\"max\" data-toolbar=\"bottom\" data-toolbar-fixed=\"off\">meghivo_kuratoriumi ules 2024<\/a>\n<p><a href=\"https:\/\/eptma.eu\/wp-content\/uploads\/2025\/03\/meghivo_kuratoriumi-ules-2024.pdf\" target=\"_blank\" rel=\"noopener\">Let\u00f6lt\u00e9s<\/a><\/p>\n<a href=\"https:\/\/eptma.eu\/wp-content\/uploads\/2025\/03\/kuratoriumi-jk-es-hatarozat_20240430.pdf\" class=\"pdfemb-viewer\" style=\"\" data-width=\"max\" data-height=\"max\" data-toolbar=\"bottom\" data-toolbar-fixed=\"off\">kuratoriumi jk es hatarozat_20240430<\/a>\n<p><a href=\"https:\/\/eptma.eu\/wp-content\/uploads\/2025\/03\/kuratoriumi-jk-es-hatarozat_20240430.pdf\" target=\"_blank\" rel=\"noopener\">Let\u00f6lt\u00e9s<\/a><\/p>","protected":false},"excerpt":{"rendered":"<p>Let\u00f6lt\u00e9s Let\u00f6lt\u00e9s<\/p>","protected":false},"author":1,"featured_media":0,"parent":4752,"menu_order":0,"comment_status":"closed","ping_status":"closed","template":"","meta":{"footnotes":"","_links_to":"","_links_to_target":""},"class_list":["post-4953","page","type-page","status-publish","hentry"],"_links":{"self":[{"href":"https:\/\/eptma.eu\/en\/wp-json\/wp\/v2\/pages\/4953","targetHints":{"allow":["GET"]}}],"collection":[{"href":"https:\/\/eptma.eu\/en\/wp-json\/wp\/v2\/pages"}],"about":[{"href":"https:\/\/eptma.eu\/en\/wp-json\/wp\/v2\/types\/page"}],"author":[{"embeddable":true,"href":"https:\/\/eptma.eu\/en\/wp-json\/wp\/v2\/users\/1"}],"replies":[{"embeddable":true,"href":"https:\/\/eptma.eu\/en\/wp-json\/wp\/v2\/comments?post=4953"}],"version-history":[{"count":2,"href":"https:\/\/eptma.eu\/en\/wp-json\/wp\/v2\/pages\/4953\/revisions"}],"predecessor-version":[{"id":4963,"href":"https:\/\/eptma.eu\/en\/wp-json\/wp\/v2\/pages\/4953\/revisions\/4963"}],"up":[{"embeddable":true,"href":"https:\/\/eptma.eu\/en\/wp-json\/wp\/v2\/pages\/4752"}],"wp:attachment":[{"href":"https:\/\/eptma.eu\/en\/wp-json\/wp\/v2\/media?parent=4953"}],"curies":[{"name":"wp","href":"https:\/\/api.w.org\/{rel}","templated":true}]}}