{"id":4941,"date":"2025-03-18T14:30:56","date_gmt":"2025-03-18T14:30:56","guid":{"rendered":"https:\/\/eptma.eu\/?page_id=4941"},"modified":"2025-03-18T14:31:09","modified_gmt":"2025-03-18T14:31:09","slug":"iratbetekintes","status":"publish","type":"page","link":"https:\/\/eptma.eu\/en\/iratbetekintes\/","title":{"rendered":"Iratbetekint\u00e9s"},"content":{"rendered":"<div dir=\"ltr\">Lehet\u0151s\u00e9get biztos\u00edtunk \u00e9szrev\u00e9teleik, javaslataik beny\u00fajt\u00e1s\u00e1ra e-mailben, valamint az Alap\u00edtv\u00e1ny hivatalos irataiba val\u00f3 szem\u00e9lyes betekint\u00e9sre el\u0151zetesen, e-mailben egyeztetett id\u0151pontban.<\/div>\n<div dir=\"ltr\">E-mail c\u00edm: <a href=\"mailto:eptm.alap@gmail.com\" target=\"_blank\" rel=\"noopener\">eptm.alap@gmail.com<\/a><\/div>","protected":false},"excerpt":{"rendered":"<p>Lehet\u0151s\u00e9get biztos\u00edtunk \u00e9szrev\u00e9teleik, javaslataik beny\u00fajt\u00e1s\u00e1ra e-mailben, valamint az Alap\u00edtv\u00e1ny hivatalos irataiba val\u00f3 szem\u00e9lyes betekint\u00e9sre el\u0151zetesen, e-mailben egyeztetett id\u0151pontban. E-mail c\u00edm: eptm.alap@gmail.com<\/p>","protected":false},"author":1,"featured_media":0,"parent":0,"menu_order":0,"comment_status":"closed","ping_status":"closed","template":"","meta":{"footnotes":"","_links_to":"","_links_to_target":""},"class_list":["post-4941","page","type-page","status-publish","hentry"],"_links":{"self":[{"href":"https:\/\/eptma.eu\/en\/wp-json\/wp\/v2\/pages\/4941","targetHints":{"allow":["GET"]}}],"collection":[{"href":"https:\/\/eptma.eu\/en\/wp-json\/wp\/v2\/pages"}],"about":[{"href":"https:\/\/eptma.eu\/en\/wp-json\/wp\/v2\/types\/page"}],"author":[{"embeddable":true,"href":"https:\/\/eptma.eu\/en\/wp-json\/wp\/v2\/users\/1"}],"replies":[{"embeddable":true,"href":"https:\/\/eptma.eu\/en\/wp-json\/wp\/v2\/comments?post=4941"}],"version-history":[{"count":2,"href":"https:\/\/eptma.eu\/en\/wp-json\/wp\/v2\/pages\/4941\/revisions"}],"predecessor-version":[{"id":4943,"href":"https:\/\/eptma.eu\/en\/wp-json\/wp\/v2\/pages\/4941\/revisions\/4943"}],"wp:attachment":[{"href":"https:\/\/eptma.eu\/en\/wp-json\/wp\/v2\/media?parent=4941"}],"curies":[{"name":"wp","href":"https:\/\/api.w.org\/{rel}","templated":true}]}}