{"id":494,"date":"2022-06-03T16:04:46","date_gmt":"2022-06-03T16:04:46","guid":{"rendered":"https:\/\/eptma.eu\/?page_id=494"},"modified":"2022-06-04T11:13:15","modified_gmt":"2022-06-04T11:13:15","slug":"alapitvanyi-celok","status":"publish","type":"page","link":"https:\/\/eptma.eu\/en\/alapitvanyi-celok\/","title":{"rendered":"Aims of the foundation"},"content":{"rendered":"<table style=\"width: 100%; border: 1px solid #000; border-color: #000000; border-style: solid;\" cellpadding=\"1\">\n<tbody>\n<tr>\n<td style=\"width: 99.1379%;\" valign=\"top\">\n<ul>\n<li>Perform research in all areas of health protection<\/li>\n<li>Elaboration of electronic,- and paper-based information materials for experts and for the population<\/li>\n<li>Organising prevention-related congresses and virtual conferences<\/li>\n<li>Research, prevention and treatment of the development of childhood negative experience and its impacts<\/li>\n<li>Research and promoting the methods and tools supporting health prevention<\/li>\n<li>Supporting\/financing participation at scientific congresses, symposiums with a topic relevant to the objective of the foundation<\/li>\n<li>Awarding financial bonuses to employees performing an outstanding activity (nurses, assistants, doctors), awarding of scholarship, supporting studies abroad and financially supporting participation at congresses in Hungary and abroad.<\/li>\n<\/ul>\n<\/td>\n<\/tr>\n<\/tbody>\n<\/table>\n<p>&nbsp;<\/p>","protected":false},"excerpt":{"rendered":"<p>Kutat\u00e1sok folytat\u00e1sa az eg\u00e9szs\u00e9gmeg\u0151rz\u00e9s \u00f6sszes ter\u00fclet\u00e9n Elektronikus \u00e9s pap\u00edr alap\u00fa t\u00e1j\u00e9koztat\u00f3 anyagok k\u00e9sz\u00edt\u00e9se szakemberek \u00e9s a lakoss\u00e1g sz\u00e1m\u00e1ra Prevenci\u00f3val foglalkoz\u00f3 kongresszusok \u00e9s virtu\u00e1lis konferenci\u00e1k szervez\u00e9se A gyermekkori negat\u00edv \u00e9lm\u00e9nyek kialakul\u00e1s\u00e1nak &#8230;<\/p>","protected":false},"author":1,"featured_media":0,"parent":0,"menu_order":0,"comment_status":"closed","ping_status":"closed","template":"","meta":{"footnotes":"","_links_to":"","_links_to_target":""},"class_list":["post-494","page","type-page","status-publish","hentry"],"_links":{"self":[{"href":"https:\/\/eptma.eu\/en\/wp-json\/wp\/v2\/pages\/494","targetHints":{"allow":["GET"]}}],"collection":[{"href":"https:\/\/eptma.eu\/en\/wp-json\/wp\/v2\/pages"}],"about":[{"href":"https:\/\/eptma.eu\/en\/wp-json\/wp\/v2\/types\/page"}],"author":[{"embeddable":true,"href":"https:\/\/eptma.eu\/en\/wp-json\/wp\/v2\/users\/1"}],"replies":[{"embeddable":true,"href":"https:\/\/eptma.eu\/en\/wp-json\/wp\/v2\/comments?post=494"}],"version-history":[{"count":7,"href":"https:\/\/eptma.eu\/en\/wp-json\/wp\/v2\/pages\/494\/revisions"}],"predecessor-version":[{"id":3821,"href":"https:\/\/eptma.eu\/en\/wp-json\/wp\/v2\/pages\/494\/revisions\/3821"}],"wp:attachment":[{"href":"https:\/\/eptma.eu\/en\/wp-json\/wp\/v2\/media?parent=494"}],"curies":[{"name":"wp","href":"https:\/\/api.w.org\/{rel}","templated":true}]}}