{"id":4918,"date":"2025-03-17T14:36:05","date_gmt":"2025-03-17T14:36:05","guid":{"rendered":"https:\/\/eptma.eu\/?page_id=4918"},"modified":"2025-03-17T14:43:22","modified_gmt":"2025-03-17T14:43:22","slug":"egyedi-kerelmek","status":"publish","type":"page","link":"https:\/\/eptma.eu\/en\/egyedi-kerelmek\/","title":{"rendered":"Egyedi k\u00e9relmek"},"content":{"rendered":"<p>Ez Eur\u00f3pai Prevenci\u00f3s \u00e9s Ter\u00e1pi\u00e1s Medicina Alap\u00edtv\u00e1ny alapc\u00e9ljaival \u00f6sszhangban az eg\u00e9szs\u00e9gmeg\u0151rz\u00e9s, kiemelten a gyermekkori negat\u00edv- \u00e9s pozit\u00edv \u00e9lm\u00e9nyek t\u00e9m\u00e1j\u00e1ban tev\u00e9kenyked\u0151 szakemberek, a t\u00e9m\u00e1hoz kapcsol\u00f3d\u00f3 kongresszuson t\u00f6rt\u00e9n\u0151 r\u00e9szv\u00e9tel\u00e9t egyedi k\u00e9relmek \u00e9s egy\u00e9ni elb\u00edr\u00e1l\u00e1s alapj\u00e1n, az alap\u00edtv\u00e1ny k\u00f6lts\u00e9gvet\u00e9s\u00e9hez m\u00e9rten t\u00e1mogatja. Az \u00edgy beny\u00fajtott k\u00e9relmeket az alap\u00edtv\u00e1ny kurat\u00f3riuma b\u00edr\u00e1lja el, a beny\u00fajt\u00e1st\u00f3l sz\u00e1m\u00edtott 45 napon bel\u00fcl, a d\u00f6nt\u00e9sr\u0151l e-mailben \u00e9rtes\u00edtj\u00fck a\u00a0 k\u00e9relmez\u0151t.<\/p>\n<div>\n<p>Az egyedi k\u00e9rv\u00e9nyeket az\u00a0<a href=\"mailto:eptm.alap@gmail.com\" target=\"_blank\" rel=\"noopener\">eptm.alap@gmail.com<\/a>\u00a0e-mail c\u00edmre k\u00e9rj\u00fck megk\u00fcldeni, az al\u00e1bbiak szerint:<\/p>\n<div>Az egyedi k\u00e9rv\u00e9nynek az al\u00e1bbiakat <b>k\u00f6telez\u0151<\/b> tartalmaznia:<\/div>\n<div><\/div>\n<div style=\"margin-top: 20px;\"><b>K\u00e9relmez\u0151 adatai<\/b>:<\/div>\n<div>Neve, titulusa, sz\u00fclet\u00e9skori neve, sz\u00fclet\u00e9si hely, id\u0151, ad\u00f3azonos\u00edt\u00f3 jel, \u00e1lland\u00f3 lakc\u00edme.<\/div>\n<div>Kapcsolattart\u00e1si adatok: telefonsz\u00e1m, e-mail c\u00edm (erre k\u00fcld\u00fcnk \u00e9rtes\u00edt\u00e9st a d\u00f6nt\u00e9sr\u0151l)<\/div>\n<div>Szakmai nyilv\u00e1ntart\u00e1si sz\u00e1m (amennyiben van, a szakma megnevez\u00e9s\u00e9vel)<\/div>\n<div>Int\u00e9zm\u00e9ny\/munkahely neve, szakter\u00fclet<\/div>\n<div style=\"margin-top: 20px;\"><b>Tudom\u00e1nyos\/szakmai kongresszus adatai<\/b>:<\/div>\n<p>Rendezv\u00e9ny pontos neve, helysz\u00edne, id\u0151pontja<br \/>\nRendezv\u00e9ny programtervezete (csatolva), vagy programtervezet weboldal c\u00edme<br \/>\nR\u00e9szletes indokl\u00e1s &#8211; legal\u00e1bb 5 mondat -, hogy a rendezv\u00e9nyen val\u00f3 r\u00e9szv\u00e9tel, hogyan szolg\u00e1lja a k\u00e9relmez\u0151 szakmai fejl\u0151d\u00e9s\u00e9t, illetve hogyan illeszkedik az Eur\u00f3pai Prevenci\u00f3s \u00e9s Ter\u00e1pi\u00e1s Medicina Alap\u00edtv\u00e1ny alapc\u00e9ljaihoz.<\/p>\n<div>Mire k\u00e9ri a t\u00e1mogat\u00e1st a rendezv\u00e9nyen val\u00f3 r\u00e9szv\u00e9tellel kapcsolatban? (regisztr\u00e1ci\u00f3, sz\u00e1ll\u00e1s, \u00e9tkez\u00e9s, utaz\u00e1s &#8211; csak k\u00fclf\u00f6ldi kongresszus eset\u00e9ben).<\/div>\n<div>Rendelkezik-e kedvezm\u00e9nyes regisztr\u00e1ci\u00f3ra jogos\u00edt\u00f3 tags\u00e1ggal?<\/div>\n<div><\/div>\n<div style=\"margin-top: 20px;\">\n<p><b>Sz\u00fcks\u00e9ges csatolm\u00e1nyok<\/b>:\u00a0 szakmai \u00f6n\u00e9letrajz + <a href=\"https:\/\/eptma.eu\/wp-content\/uploads\/2025\/03\/NYILATKOZAT.pdf\" target=\"_blank\" rel=\"noopener\">al\u00e1\u00edrt nyilatkozat<\/a><\/p>\n<div><\/div>\n<div style=\"margin-top: 20px;\">Felh\u00edvjuk figyelm\u00e9t, hogy az Eur\u00f3pai Prevenci\u00f3s \u00e9s Ter\u00e1pi\u00e1s Medicina Alap\u00edtv\u00e1ny kiz\u00e1r\u00f3lag a kongresszusi r\u00e9szv\u00e9tellel k\u00f6zvetlen \u00f6sszef\u00fcgg\u00e9sben felmer\u00fcl\u0151 kiad\u00e1sokat t\u00e1mogatja. Nem t\u00e1mogatjuk a k\u00eds\u00e9r\u0151k, valamint a sz\u00f3rakoztat\u00f3 \u00e9s t\u00e1rsas\u00e1gi programok (p\u00e9ld\u00e1ul bankett, g\u00e1lavacsora, koncert stb.) k\u00f6lts\u00e9geit, sem egy\u00e9b t\u00f6bbletk\u00f6lts\u00e9get. Nem t\u00e1mogathatjuk tov\u00e1bb\u00e1 a felmer\u00fcl\u0151 szem\u00e9lyes k\u00f6lts\u00e9geket (pl. minib\u00e1r, telefon).<\/div>\n<\/div>\n<\/div>\n<div><\/div>\n<div style=\"margin-top: 20px;\"><strong><a href=\"https:\/\/eptma.eu\/wp-content\/uploads\/2025\/03\/NYILATKOZAT.pdf\" target=\"_blank\" rel=\"noopener\">Nyilatkozat Let\u00f6lt\u00e9se<\/a><\/strong><\/div>\n<div>\n<div><\/div>\n<\/div>","protected":false},"excerpt":{"rendered":"<p>Ez Eur\u00f3pai Prevenci\u00f3s \u00e9s Ter\u00e1pi\u00e1s Medicina Alap\u00edtv\u00e1ny alapc\u00e9ljaival \u00f6sszhangban az eg\u00e9szs\u00e9gmeg\u0151rz\u00e9s, kiemelten a gyermekkori negat\u00edv- \u00e9s pozit\u00edv \u00e9lm\u00e9nyek t\u00e9m\u00e1j\u00e1ban tev\u00e9kenyked\u0151 szakemberek, a t\u00e9m\u00e1hoz kapcsol\u00f3d\u00f3 kongresszuson t\u00f6rt\u00e9n\u0151 r\u00e9szv\u00e9tel\u00e9t egyedi k\u00e9relmek \u00e9s &#8230;<\/p>","protected":false},"author":1,"featured_media":0,"parent":0,"menu_order":0,"comment_status":"closed","ping_status":"closed","template":"","meta":{"footnotes":"","_links_to":"","_links_to_target":""},"class_list":["post-4918","page","type-page","status-publish","hentry"],"_links":{"self":[{"href":"https:\/\/eptma.eu\/en\/wp-json\/wp\/v2\/pages\/4918","targetHints":{"allow":["GET"]}}],"collection":[{"href":"https:\/\/eptma.eu\/en\/wp-json\/wp\/v2\/pages"}],"about":[{"href":"https:\/\/eptma.eu\/en\/wp-json\/wp\/v2\/types\/page"}],"author":[{"embeddable":true,"href":"https:\/\/eptma.eu\/en\/wp-json\/wp\/v2\/users\/1"}],"replies":[{"embeddable":true,"href":"https:\/\/eptma.eu\/en\/wp-json\/wp\/v2\/comments?post=4918"}],"version-history":[{"count":5,"href":"https:\/\/eptma.eu\/en\/wp-json\/wp\/v2\/pages\/4918\/revisions"}],"predecessor-version":[{"id":4931,"href":"https:\/\/eptma.eu\/en\/wp-json\/wp\/v2\/pages\/4918\/revisions\/4931"}],"wp:attachment":[{"href":"https:\/\/eptma.eu\/en\/wp-json\/wp\/v2\/media?parent=4918"}],"curies":[{"name":"wp","href":"https:\/\/api.w.org\/{rel}","templated":true}]}}