{"id":4915,"date":"2025-03-17T14:35:37","date_gmt":"2025-03-17T14:35:37","guid":{"rendered":"https:\/\/eptma.eu\/?page_id=4915"},"modified":"2025-03-17T14:35:37","modified_gmt":"2025-03-17T14:35:37","slug":"palyazati-felhivasok","status":"publish","type":"page","link":"https:\/\/eptma.eu\/en\/palyazati-felhivasok\/","title":{"rendered":"P\u00e1ly\u00e1zati felh\u00edv\u00e1sok"},"content":{"rendered":"<p><em>Jelenleg nincs el\u00e9rhet\u0151 p\u00e1ly\u00e1zati felh\u00edv\u00e1s<\/em><\/p>","protected":false},"excerpt":{"rendered":"<p>Jelenleg nincs el\u00e9rhet\u0151 p\u00e1ly\u00e1zati felh\u00edv\u00e1s<\/p>","protected":false},"author":1,"featured_media":0,"parent":0,"menu_order":0,"comment_status":"closed","ping_status":"closed","template":"","meta":{"footnotes":"","_links_to":"","_links_to_target":""},"class_list":["post-4915","page","type-page","status-publish","hentry"],"_links":{"self":[{"href":"https:\/\/eptma.eu\/en\/wp-json\/wp\/v2\/pages\/4915","targetHints":{"allow":["GET"]}}],"collection":[{"href":"https:\/\/eptma.eu\/en\/wp-json\/wp\/v2\/pages"}],"about":[{"href":"https:\/\/eptma.eu\/en\/wp-json\/wp\/v2\/types\/page"}],"author":[{"embeddable":true,"href":"https:\/\/eptma.eu\/en\/wp-json\/wp\/v2\/users\/1"}],"replies":[{"embeddable":true,"href":"https:\/\/eptma.eu\/en\/wp-json\/wp\/v2\/comments?post=4915"}],"version-history":[{"count":2,"href":"https:\/\/eptma.eu\/en\/wp-json\/wp\/v2\/pages\/4915\/revisions"}],"predecessor-version":[{"id":4917,"href":"https:\/\/eptma.eu\/en\/wp-json\/wp\/v2\/pages\/4915\/revisions\/4917"}],"wp:attachment":[{"href":"https:\/\/eptma.eu\/en\/wp-json\/wp\/v2\/media?parent=4915"}],"curies":[{"name":"wp","href":"https:\/\/api.w.org\/{rel}","templated":true}]}}