{"id":4750,"date":"2024-08-23T11:20:41","date_gmt":"2024-08-23T11:20:41","guid":{"rendered":"https:\/\/eptma.eu\/?page_id=4750"},"modified":"2025-03-25T16:44:29","modified_gmt":"2025-03-25T16:44:29","slug":"beszamolok-es-hatarozatok","status":"publish","type":"page","link":"https:\/\/eptma.eu\/en\/beszamolok-es-hatarozatok\/","title":{"rendered":"Besz\u00e1mol\u00f3k \u00e9s hat\u00e1rozatok"},"content":{"rendered":"<p><a href=\"https:\/\/eptma.eu\/beszamolok\/\">\u00c9ves besz\u00e1mol\u00f3k \u00e9s k\u00f6zhaszn\u00fas\u00e1gi jelent\u00e9sek<\/a><\/p>\n<p><a href=\"https:\/\/eptma.eu\/wp-content\/uploads\/2025\/03\/EPTMA_alapito-okirat_2022-web.pdf\" target=\"_blank\" rel=\"noopener\">Hat\u00e1lyos alap\u00edt\u00f3 okirat<\/a><\/p>\n<p><a href=\"https:\/\/eptma.eu\/iratbetekintes\/\" target=\"_blank\" rel=\"noopener\">Iratbetekint\u00e9s<\/a><\/p>\n<p><a href=\"https:\/\/eptma.eu\/hatarozatok\/\" target=\"_blank\" rel=\"noopener\">Hat\u00e1rozatok<\/a><\/p>","protected":false},"excerpt":{"rendered":"<p>\u00c9ves besz\u00e1mol\u00f3k \u00e9s k\u00f6zhaszn\u00fas\u00e1gi jelent\u00e9sek Hat\u00e1lyos alap\u00edt\u00f3 okirat Iratbetekint\u00e9s Hat\u00e1rozatok<\/p>","protected":false},"author":1,"featured_media":0,"parent":0,"menu_order":0,"comment_status":"closed","ping_status":"closed","template":"","meta":{"footnotes":"","_links_to":"","_links_to_target":""},"class_list":["post-4750","page","type-page","status-publish","hentry"],"_links":{"self":[{"href":"https:\/\/eptma.eu\/en\/wp-json\/wp\/v2\/pages\/4750","targetHints":{"allow":["GET"]}}],"collection":[{"href":"https:\/\/eptma.eu\/en\/wp-json\/wp\/v2\/pages"}],"about":[{"href":"https:\/\/eptma.eu\/en\/wp-json\/wp\/v2\/types\/page"}],"author":[{"embeddable":true,"href":"https:\/\/eptma.eu\/en\/wp-json\/wp\/v2\/users\/1"}],"replies":[{"embeddable":true,"href":"https:\/\/eptma.eu\/en\/wp-json\/wp\/v2\/comments?post=4750"}],"version-history":[{"count":9,"href":"https:\/\/eptma.eu\/en\/wp-json\/wp\/v2\/pages\/4750\/revisions"}],"predecessor-version":[{"id":4964,"href":"https:\/\/eptma.eu\/en\/wp-json\/wp\/v2\/pages\/4750\/revisions\/4964"}],"wp:attachment":[{"href":"https:\/\/eptma.eu\/en\/wp-json\/wp\/v2\/media?parent=4750"}],"curies":[{"name":"wp","href":"https:\/\/api.w.org\/{rel}","templated":true}]}}