{"id":3946,"date":"2022-06-10T12:09:14","date_gmt":"2022-06-10T12:09:14","guid":{"rendered":"https:\/\/eptma.eu\/?page_id=3946"},"modified":"2022-06-17T09:52:33","modified_gmt":"2022-06-17T09:52:33","slug":"ado-1","status":"publish","type":"page","link":"https:\/\/eptma.eu\/en\/ado-1\/","title":{"rendered":"Ad\u00f3 1%"},"content":{"rendered":"<h2 style=\"text-align: center;\">K\u00f6sz\u00f6nj\u00fck, ha ad\u00f3ja 1%-\u00e1val t\u00e1mogatja munk\u00e1nkat!<\/h2>\n<h2 style=\"text-align: center;\">Ad\u00f3sz\u00e1munk: 19188854-1-42<\/h2>\n<p><img loading=\"lazy\" decoding=\"async\" class=\"size-medium wp-image-3970 aligncenter\" src=\"https:\/\/eptma.eu\/wp-content\/uploads\/2022\/06\/Europai-Prevencios-es-Terapias-Medicina-Alapitvany-300x150.jpg\" alt=\"Eur\u00f3pai Prevenci\u00f3s \u00e9s Ter\u00e1pi\u00e1s Medicina Alap\u00edtv\u00e1ny\" width=\"300\" height=\"150\" srcset=\"https:\/\/eptma.eu\/wp-content\/uploads\/2022\/06\/Europai-Prevencios-es-Terapias-Medicina-Alapitvany-300x150.jpg 300w, https:\/\/eptma.eu\/wp-content\/uploads\/2022\/06\/Europai-Prevencios-es-Terapias-Medicina-Alapitvany-1024x512.jpg 1024w, https:\/\/eptma.eu\/wp-content\/uploads\/2022\/06\/Europai-Prevencios-es-Terapias-Medicina-Alapitvany-768x384.jpg 768w, https:\/\/eptma.eu\/wp-content\/uploads\/2022\/06\/Europai-Prevencios-es-Terapias-Medicina-Alapitvany-1536x768.jpg 1536w, https:\/\/eptma.eu\/wp-content\/uploads\/2022\/06\/Europai-Prevencios-es-Terapias-Medicina-Alapitvany-2048x1024.jpg 2048w, https:\/\/eptma.eu\/wp-content\/uploads\/2022\/06\/Europai-Prevencios-es-Terapias-Medicina-Alapitvany-18x9.jpg 18w, https:\/\/eptma.eu\/wp-content\/uploads\/2022\/06\/Europai-Prevencios-es-Terapias-Medicina-Alapitvany-150x75.jpg 150w, https:\/\/eptma.eu\/wp-content\/uploads\/2022\/06\/Europai-Prevencios-es-Terapias-Medicina-Alapitvany-696x348.jpg 696w, https:\/\/eptma.eu\/wp-content\/uploads\/2022\/06\/Europai-Prevencios-es-Terapias-Medicina-Alapitvany-1068x534.jpg 1068w, https:\/\/eptma.eu\/wp-content\/uploads\/2022\/06\/Europai-Prevencios-es-Terapias-Medicina-Alapitvany-1920x960.jpg 1920w\" sizes=\"auto, (max-width: 300px) 100vw, 300px\" \/><\/p>\n<p>&nbsp;<\/p>","protected":false},"excerpt":{"rendered":"<p>K\u00f6sz\u00f6nj\u00fck, ha ad\u00f3ja 1%-\u00e1val t\u00e1mogatja munk\u00e1nkat! Ad\u00f3sz\u00e1munk: 19188854-1-42 &nbsp;<\/p>","protected":false},"author":1,"featured_media":0,"parent":0,"menu_order":0,"comment_status":"closed","ping_status":"closed","template":"","meta":{"footnotes":"","_links_to":"","_links_to_target":""},"class_list":["post-3946","page","type-page","status-publish","hentry"],"_links":{"self":[{"href":"https:\/\/eptma.eu\/en\/wp-json\/wp\/v2\/pages\/3946","targetHints":{"allow":["GET"]}}],"collection":[{"href":"https:\/\/eptma.eu\/en\/wp-json\/wp\/v2\/pages"}],"about":[{"href":"https:\/\/eptma.eu\/en\/wp-json\/wp\/v2\/types\/page"}],"author":[{"embeddable":true,"href":"https:\/\/eptma.eu\/en\/wp-json\/wp\/v2\/users\/1"}],"replies":[{"embeddable":true,"href":"https:\/\/eptma.eu\/en\/wp-json\/wp\/v2\/comments?post=3946"}],"version-history":[{"count":4,"href":"https:\/\/eptma.eu\/en\/wp-json\/wp\/v2\/pages\/3946\/revisions"}],"predecessor-version":[{"id":3979,"href":"https:\/\/eptma.eu\/en\/wp-json\/wp\/v2\/pages\/3946\/revisions\/3979"}],"wp:attachment":[{"href":"https:\/\/eptma.eu\/en\/wp-json\/wp\/v2\/media?parent=3946"}],"curies":[{"name":"wp","href":"https:\/\/api.w.org\/{rel}","templated":true}]}}