{"id":3822,"date":"2022-06-04T11:16:50","date_gmt":"2022-06-04T11:16:50","guid":{"rendered":"https:\/\/eptma.eu\/?page_id=3822"},"modified":"2022-06-04T11:17:59","modified_gmt":"2022-06-04T11:17:59","slug":"kapcsolat","status":"publish","type":"page","link":"https:\/\/eptma.eu\/en\/kapcsolat\/","title":{"rendered":"Contact us"},"content":{"rendered":"<table>\n<tbody>\n<tr>\n<td width=\"302\">\n<h3>European Prevention and Therapeutic Medicine Foundation<\/h3>\n<p class=\" translation-block\">Registered seat of the foundation: 1065 Budapest, Bajcsy-Zsilinszky \u00fat 31. 1. em.<br>\nRegistration number: 01-01-0012848<br>\nVAT number: 19188854-1-42<\/p>\n<p>www.eptma.eu<br \/>\neptm.alap@gmail.com<\/td>\n<\/tr>\n<tr>\n<td width=\"302\"><strong>Contact us<\/strong><\/p>\n<p>European Prevention and Therapeutic Medicine Foundation<br \/>\nRegistered seat of the foundation: 1065 Budapest, Bajcsy-Zsilinszky \u00fat 31. 1. em.<br \/>\nwww.eptma.eu<br \/>\neptm.alap@gmail.com<\/td>\n<\/tr>\n<\/tbody>\n<\/table>","protected":false},"excerpt":{"rendered":"<p>Eur\u00f3pai Prevenci\u00f3s \u00e9s Ter\u00e1pi\u00e1s Medicina Alap\u00edtv\u00e1ny Sz\u00e9khely: 1065 Budapest, Bajcsy-Zsilinszky \u00fat 31. 1. em. Nyilv. sz\u00e1m: 01-01-0012848 Ad\u00f3sz\u00e1m: 19188854-1-42 www.eptma.eu eptm.alap@gmail.com Kapcsolat Eur\u00f3pai Prevenci\u00f3s \u00e9s Ter\u00e1pi\u00e1s Medicina Alap\u00edtv\u00e1ny Sz\u00e9khely: 1065 &#8230;<\/p>","protected":false},"author":1,"featured_media":0,"parent":0,"menu_order":0,"comment_status":"closed","ping_status":"closed","template":"","meta":{"footnotes":"","_links_to":"","_links_to_target":""},"class_list":["post-3822","page","type-page","status-publish","hentry"],"_links":{"self":[{"href":"https:\/\/eptma.eu\/en\/wp-json\/wp\/v2\/pages\/3822","targetHints":{"allow":["GET"]}}],"collection":[{"href":"https:\/\/eptma.eu\/en\/wp-json\/wp\/v2\/pages"}],"about":[{"href":"https:\/\/eptma.eu\/en\/wp-json\/wp\/v2\/types\/page"}],"author":[{"embeddable":true,"href":"https:\/\/eptma.eu\/en\/wp-json\/wp\/v2\/users\/1"}],"replies":[{"embeddable":true,"href":"https:\/\/eptma.eu\/en\/wp-json\/wp\/v2\/comments?post=3822"}],"version-history":[{"count":3,"href":"https:\/\/eptma.eu\/en\/wp-json\/wp\/v2\/pages\/3822\/revisions"}],"predecessor-version":[{"id":3825,"href":"https:\/\/eptma.eu\/en\/wp-json\/wp\/v2\/pages\/3822\/revisions\/3825"}],"wp:attachment":[{"href":"https:\/\/eptma.eu\/en\/wp-json\/wp\/v2\/media?parent=3822"}],"curies":[{"name":"wp","href":"https:\/\/api.w.org\/{rel}","templated":true}]}}